{"id":1177,"date":"2022-08-09T22:16:03","date_gmt":"2022-08-09T22:16:03","guid":{"rendered":"https:\/\/florerialirio.com\/?page_id=1177"},"modified":"2025-01-27T11:47:50","modified_gmt":"2025-01-27T18:47:50","slug":"testimoniales","status":"publish","type":"page","link":"https:\/\/funerariasrivera.mx\/en\/testimoniales\/","title":{"rendered":"TESTIMONIALS"},"content":{"rendered":"<p>[et_pb_section fb_built=&#8221;1&#8243; _builder_version=&#8221;4.17.4&#8243; _module_preset=&#8221;default&#8221; background_enable_color=&#8221;off&#8221; background_image=&#8221;https:\/\/florerialirio.com\/wp-content\/uploads\/2022\/09\/c1b19ce2-2fda-4249-bdec-8b96b108920d-1.jpg&#8221; min_height=&#8221;900px&#8221; global_colors_info=&#8221;{}&#8221;][\/et_pb_section][et_pb_section fb_built=&#8221;1&#8243; _builder_version=&#8221;4.17.4&#8243; _module_preset=&#8221;default&#8221; min_height=&#8221;1230.5px&#8221; global_colors_info=&#8221;{}&#8221;][et_pb_row column_structure=&#8221;1_2,1_2&#8243; _builder_version=&#8221;4.17.4&#8243; _module_preset=&#8221;default&#8221; global_colors_info=&#8221;{}&#8221;][et_pb_column type=&#8221;1_2&#8243; _builder_version=&#8221;4.17.4&#8243; _module_preset=&#8221;default&#8221; global_colors_info=&#8221;{}&#8221;][et_pb_text _builder_version=&#8221;4.17.4&#8243; _module_preset=&#8221;default&#8221; global_colors_info=&#8221;{}&#8221;]<\/p>\n<h1 style=\"text-align: center;\">Help us , leaving  a review<\/h1>\n<p>[\/et_pb_text][et_pb_divider color=&#8221;#75000f&#8221; divider_weight=&#8221;10px&#8221; _builder_version=&#8221;4.17.4&#8243; _module_preset=&#8221;default&#8221; global_colors_info=&#8221;{}&#8221;][\/et_pb_divider][et_pb_text _builder_version=&#8221;4.17.4&#8243; _module_preset=&#8221;default&#8221; global_colors_info=&#8221;{}&#8221;]<\/p>\n<h1 style=\"text-align: center;\">About RIVERA FUNERAL HOME<\/h1>\n<p>[\/et_pb_text][\/et_pb_column][et_pb_column type=&#8221;1_2&#8243; _builder_version=&#8221;4.17.4&#8243; _module_preset=&#8221;default&#8221; global_colors_info=&#8221;{}&#8221;][et_pb_contact_form captcha=&#8221;off&#8221; email=&#8221;encuestas@funerariasrivera.mx&#8221; submit_button_text=&#8221;ENVIAR&#8221; _builder_version=&#8221;4.17.4&#8243; _module_preset=&#8221;default&#8221; _unique_id=&#8221;1335d2d3-2079-4638-82cb-d47202fef4b8&#8243; custom_button=&#8221;on&#8221; button_text_color=&#8221;#FFFFFF&#8221; button_bg_color=&#8221;#700e26&#8243; button_border_color=&#8221;#000000&#8243; global_colors_info=&#8221;{}&#8221;][et_pb_contact_field field_id=&#8221;Name&#8221; field_title=&#8221;Nombre&#8221; _builder_version=&#8221;4.17.4&#8243; global_colors_info=&#8221;{}&#8221; button_text_size__hover_enabled=&#8221;off&#8221; button_one_text_size__hover_enabled=&#8221;off&#8221; button_two_text_size__hover_enabled=&#8221;off&#8221; button_text_color__hover_enabled=&#8221;off&#8221; button_one_text_color__hover_enabled=&#8221;off&#8221; button_two_text_color__hover_enabled=&#8221;off&#8221; button_border_width__hover_enabled=&#8221;off&#8221; button_one_border_width__hover_enabled=&#8221;off&#8221; button_two_border_width__hover_enabled=&#8221;off&#8221; button_border_color__hover_enabled=&#8221;off&#8221; button_one_border_color__hover_enabled=&#8221;off&#8221; button_two_border_color__hover_enabled=&#8221;off&#8221; button_border_radius__hover_enabled=&#8221;off&#8221; button_one_border_radius__hover_enabled=&#8221;off&#8221; button_two_border_radius__hover_enabled=&#8221;off&#8221; button_letter_spacing__hover_enabled=&#8221;off&#8221; button_one_letter_spacing__hover_enabled=&#8221;off&#8221; button_two_letter_spacing__hover_enabled=&#8221;off&#8221; button_bg_color__hover_enabled=&#8221;off&#8221; button_one_bg_color__hover_enabled=&#8221;off&#8221; button_two_bg_color__hover_enabled=&#8221;off&#8221;][\/et_pb_contact_field][et_pb_contact_field field_id=&#8221;Email&#8221; field_title=&#8221;Correo Electr\u00f3nico&#8221; field_type=&#8221;email&#8221; _builder_version=&#8221;4.17.4&#8243; global_colors_info=&#8221;{}&#8221; button_text_size__hover_enabled=&#8221;off&#8221; button_one_text_size__hover_enabled=&#8221;off&#8221; button_two_text_size__hover_enabled=&#8221;off&#8221; button_text_color__hover_enabled=&#8221;off&#8221; button_one_text_color__hover_enabled=&#8221;off&#8221; button_two_text_color__hover_enabled=&#8221;off&#8221; button_border_width__hover_enabled=&#8221;off&#8221; button_one_border_width__hover_enabled=&#8221;off&#8221; button_two_border_width__hover_enabled=&#8221;off&#8221; button_border_color__hover_enabled=&#8221;off&#8221; button_one_border_color__hover_enabled=&#8221;off&#8221; button_two_border_color__hover_enabled=&#8221;off&#8221; button_border_radius__hover_enabled=&#8221;off&#8221; button_one_border_radius__hover_enabled=&#8221;off&#8221; button_two_border_radius__hover_enabled=&#8221;off&#8221; button_letter_spacing__hover_enabled=&#8221;off&#8221; button_one_letter_spacing__hover_enabled=&#8221;off&#8221; button_two_letter_spacing__hover_enabled=&#8221;off&#8221; button_bg_color__hover_enabled=&#8221;off&#8221; button_one_bg_color__hover_enabled=&#8221;off&#8221; button_two_bg_color__hover_enabled=&#8221;off&#8221;][\/et_pb_contact_field][et_pb_contact_field field_id=&#8221;Message&#8221; field_title=&#8221;Mensaje&#8221; field_type=&#8221;text&#8221; fullwidth_field=&#8221;on&#8221; _builder_version=&#8221;4.17.4&#8243; global_colors_info=&#8221;{}&#8221; button_text_size__hover_enabled=&#8221;off&#8221; button_one_text_size__hover_enabled=&#8221;off&#8221; button_two_text_size__hover_enabled=&#8221;off&#8221; button_text_color__hover_enabled=&#8221;off&#8221; button_one_text_color__hover_enabled=&#8221;off&#8221; button_two_text_color__hover_enabled=&#8221;off&#8221; button_border_width__hover_enabled=&#8221;off&#8221; button_one_border_width__hover_enabled=&#8221;off&#8221; button_two_border_width__hover_enabled=&#8221;off&#8221; button_border_color__hover_enabled=&#8221;off&#8221; button_one_border_color__hover_enabled=&#8221;off&#8221; button_two_border_color__hover_enabled=&#8221;off&#8221; button_border_radius__hover_enabled=&#8221;off&#8221; button_one_border_radius__hover_enabled=&#8221;off&#8221; button_two_border_radius__hover_enabled=&#8221;off&#8221; button_letter_spacing__hover_enabled=&#8221;off&#8221; button_one_letter_spacing__hover_enabled=&#8221;off&#8221; button_two_letter_spacing__hover_enabled=&#8221;off&#8221; button_bg_color__hover_enabled=&#8221;off&#8221; button_one_bg_color__hover_enabled=&#8221;off&#8221; button_two_bg_color__hover_enabled=&#8221;off&#8221;][\/et_pb_contact_field][\/et_pb_contact_form][\/et_pb_column][\/et_pb_row][et_pb_row _builder_version=&#8221;4.17.4&#8243; _module_preset=&#8221;default&#8221; global_colors_info=&#8221;{}&#8221;][et_pb_column type=&#8221;4_4&#8243; _builder_version=&#8221;4.17.4&#8243; _module_preset=&#8221;default&#8221; global_colors_info=&#8221;{}&#8221;][et_pb_divider color=&#8221;#75000f&#8221; divider_weight=&#8221;10px&#8221; _builder_version=&#8221;4.17.4&#8243; _module_preset=&#8221;default&#8221; global_colors_info=&#8221;{}&#8221;][\/et_pb_divider][et_pb_text _builder_version=&#8221;4.17.4&#8243; _module_preset=&#8221;default&#8221; header_font=&#8221;ABeeZee||||||||&#8221; header_text_align=&#8221;center&#8221; header_text_color=&#8221;#000000&#8243; header_font_size=&#8221;49px&#8221; global_colors_info=&#8221;{}&#8221;]<\/p>\n<h1>Testimonials<\/h1>\n<p>[\/et_pb_text][\/et_pb_column][\/et_pb_row][et_pb_row _builder_version=&#8221;4.17.4&#8243; _module_preset=&#8221;default&#8221; global_colors_info=&#8221;{}&#8221;][et_pb_column type=&#8221;4_4&#8243; _builder_version=&#8221;4.17.4&#8243; _module_preset=&#8221;default&#8221; global_colors_info=&#8221;{}&#8221;][et_pb_divider color=&#8221;#6d0014&#8243; divider_weight=&#8221;15px&#8221; _builder_version=&#8221;4.17.4&#8243; _module_preset=&#8221;default&#8221; global_colors_info=&#8221;{}&#8221;][\/et_pb_divider][et_pb_testimonial author=&#8221;Antonio Rodrigues &#8221; portrait_url=&#8221;https:\/\/florerialirio.com\/wp-content\/uploads\/2022\/08\/crespon1.webp&#8221; _builder_version=&#8221;4.17.4&#8243; _module_preset=&#8221;default&#8221; global_colors_info=&#8221;{}&#8221;]<\/p>\n<p>Hello Yadira -<\/p>\n<p>Now that we have been home for a while and things are starting to settle down just a little I wanted to thank you from the bottom<br \/>of my heart for your kindness, professionalism, and compassion when you worked with us the day my father (Lawrence Wyatt) passed away.<br \/>I know that you were doing your job, but I am very thankful that you were there. You helped make a chaotic time for us just a little more calm.<\/p>\n<p>You were both such blessings and I cannot thank you enough.<br \/>Please also extend my thank you to Berto as he was very kind and compassionate with us as well when he stepped in to replace you at the police station.<\/p>\n<p>You were both such blessings and I cannot thank you enough.<br \/>God Bless you!<\/p>\n<p>Mandy Retallack<\/p>\n<p>Wed, Feb 14, 2018<br \/>5:25 PM<\/p>\n<p>[\/et_pb_testimonial][\/et_pb_column][\/et_pb_row][et_pb_row _builder_version=&#8221;4.17.4&#8243; _module_preset=&#8221;default&#8221; global_colors_info=&#8221;{}&#8221;][et_pb_column type=&#8221;4_4&#8243; _builder_version=&#8221;4.17.4&#8243; _module_preset=&#8221;default&#8221; global_colors_info=&#8221;{}&#8221;][et_pb_divider color=&#8221;#6d0014&#8243; divider_weight=&#8221;15px&#8221; _builder_version=&#8221;4.17.4&#8243; _module_preset=&#8221;default&#8221; global_colors_info=&#8221;{}&#8221;][\/et_pb_divider][et_pb_testimonial job_title=&#8221;Muchas gracias don Mauricio quedo en deuda con usted  excelente servicio muchas gracias por el apoyo&#8221; portrait_url=&#8221;https:\/\/florerialirio.com\/wp-content\/uploads\/2022\/08\/crespon2.webp&#8221; _builder_version=&#8221;4.17.4&#8243; _module_preset=&#8221;default&#8221; global_colors_info=&#8221;{}&#8221;][\/et_pb_testimonial][\/et_pb_column][\/et_pb_row][et_pb_row _builder_version=&#8221;4.17.4&#8243; _module_preset=&#8221;default&#8221; global_colors_info=&#8221;{}&#8221;][et_pb_column type=&#8221;4_4&#8243; _builder_version=&#8221;4.17.4&#8243; _module_preset=&#8221;default&#8221; global_colors_info=&#8221;{}&#8221;][et_pb_divider color=&#8221;#6d0014&#8243; divider_weight=&#8221;15px&#8221; _builder_version=&#8221;4.17.4&#8243; _module_preset=&#8221;default&#8221; global_colors_info=&#8221;{}&#8221;][\/et_pb_divider][et_pb_testimonial portrait_url=&#8221;https:\/\/florerialirio.com\/wp-content\/uploads\/2022\/08\/crespon.jpg&#8221; _builder_version=&#8221;4.17.4&#8243; _module_preset=&#8221;default&#8221; global_colors_info=&#8221;{}&#8221;]<\/p>\n<p>Mil gracias lupita de verdad estoy s\u00faper agradecida con todos y mas con el embalsamador no s\u00e9 bien quien es pero la dejo hermosa tambien mi esposo esta muy agradecido.<\/p>\n<p>[\/et_pb_testimonial][\/et_pb_column][\/et_pb_row][et_pb_row _builder_version=&#8221;4.17.4&#8243; _module_preset=&#8221;default&#8221; global_colors_info=&#8221;{}&#8221;][et_pb_column type=&#8221;4_4&#8243; _builder_version=&#8221;4.17.4&#8243; _module_preset=&#8221;default&#8221; global_colors_info=&#8221;{}&#8221;][et_pb_divider color=&#8221;#6d0014&#8243; divider_weight=&#8221;15px&#8221; _builder_version=&#8221;4.17.4&#8243; _module_preset=&#8221;default&#8221; global_colors_info=&#8221;{}&#8221;][\/et_pb_divider][et_pb_testimonial author=&#8221;Ruth, Jason, Melissa, Carolyn, Mike, Alycia, Peter&#8221; portrait_url=&#8221;https:\/\/florerialirio.com\/wp-content\/uploads\/2022\/08\/crespon1.webp&#8221; _builder_version=&#8221;4.17.4&#8243; _module_preset=&#8221;default&#8221; global_colors_info=&#8221;{}&#8221;]<\/p>\n<p>Thank you Lisbet.<\/p>\n<p>Through this difficult time we have found new friends and think of you as a friend that helped us so much.<\/p>\n<p>&nbsp;<\/p>\n<p>Andrew has now been laid to rest and we had a fitting ceremony for him.<\/p>\n<p>&nbsp;<\/p>\n<p>Please accept our thanks for all your help<\/p>\n<p>[\/et_pb_testimonial][\/et_pb_column][\/et_pb_row][et_pb_row _builder_version=&#8221;4.17.4&#8243; _module_preset=&#8221;default&#8221; global_colors_info=&#8221;{}&#8221;][et_pb_column type=&#8221;4_4&#8243; _builder_version=&#8221;4.17.4&#8243; _module_preset=&#8221;default&#8221; global_colors_info=&#8221;{}&#8221;][et_pb_divider color=&#8221;#6d0014&#8243; divider_weight=&#8221;15px&#8221; _builder_version=&#8221;4.17.4&#8243; _module_preset=&#8221;default&#8221; global_colors_info=&#8221;{}&#8221;][\/et_pb_divider][et_pb_testimonial author=&#8221;Lolita L. Sward&#8221; portrait_url=&#8221;https:\/\/florerialirio.com\/wp-content\/uploads\/2022\/08\/crespon.jpg&#8221; _builder_version=&#8221;4.17.4&#8243; _module_preset=&#8221;default&#8221; global_colors_info=&#8221;{}&#8221;]<\/p>\n<p>Thank you very much for the sincere and prompt documentations regarding my husband&#8217;s funeral arrangements &#8211; Ronald A. Sward.<\/p>\n<p>Thank you for Lisbet Moralez dedicated assistance.<\/p>\n<p>&nbsp;<\/p>\n<p>Yours truly,<\/p>\n<p>[\/et_pb_testimonial][\/et_pb_column][\/et_pb_row][et_pb_row _builder_version=&#8221;4.17.4&#8243; _module_preset=&#8221;default&#8221; global_colors_info=&#8221;{}&#8221;][et_pb_column type=&#8221;4_4&#8243; _builder_version=&#8221;4.17.4&#8243; _module_preset=&#8221;default&#8221; global_colors_info=&#8221;{}&#8221;][et_pb_divider color=&#8221;#6d0014&#8243; divider_weight=&#8221;15px&#8221; _builder_version=&#8221;4.17.4&#8243; _module_preset=&#8221;default&#8221; global_colors_info=&#8221;{}&#8221;][\/et_pb_divider][et_pb_testimonial author=&#8221;Kris Wyatt&#8221; portrait_url=&#8221;https:\/\/florerialirio.com\/wp-content\/uploads\/2022\/08\/crespon2.webp&#8221; _builder_version=&#8221;4.17.4&#8243; _module_preset=&#8221;default&#8221; global_colors_info=&#8221;{}&#8221;]<\/p>\n<p>From the bottom of our hearts to the very top tip\u00a0<span>THANK<\/span>\u00a0<span>YOU<\/span>\u00a0so much for taking care of us yesterday during the most devastating moments in my life.\u00a0 Your compassion, knowledge and care will never go unnoticed.<\/p>\n<p><span>You<\/span>\u00a0are and were a blessing to my family and I during this difficult time.\u00a0\u00a0<\/p>\n<p>Blessings!<\/p>\n<p>[\/et_pb_testimonial][et_pb_divider color=&#8221;#6d0014&#8243; divider_weight=&#8221;15px&#8221; _builder_version=&#8221;4.17.4&#8243; _module_preset=&#8221;default&#8221; global_colors_info=&#8221;{}&#8221;][\/et_pb_divider][\/et_pb_column][\/et_pb_row][et_pb_row _builder_version=&#8221;4.17.4&#8243; _module_preset=&#8221;default&#8221;][et_pb_column _builder_version=&#8221;4.17.4&#8243; _module_preset=&#8221;default&#8221; type=&#8221;4_4&#8243;][et_pb_testimonial portrait_url=&#8221;http:\/\/funerariasrivera.mx\/wp-content\/uploads\/2022\/08\/crespon.jpg&#8221; _builder_version=&#8221;4.17.4&#8243; _module_preset=&#8221;default&#8221; title_text=&#8221;crespon&#8221; hover_enabled=&#8221;0&#8243; sticky_enabled=&#8221;0&#8243;]<\/p>\n<p><span>We made it home safely. Thank you for all you did for me in this difficult time. Your patience and quiet grace have truly made a difference in a very tough situation. You will forever be in my heart. Thank you!<\/span><\/p>\n<p>[\/et_pb_testimonial][\/et_pb_column][\/et_pb_row][\/et_pb_section][et_pb_section fb_built=&#8221;1&#8243; _builder_version=&#8221;4.17.4&#8243; _module_preset=&#8221;default&#8221; global_colors_info=&#8221;{}&#8221;][\/et_pb_section]<\/p>","protected":false},"excerpt":{"rendered":"<p>Envianos Tu TestimonioSobre Funerarias RiveraTestimoniosBuenos dias, Me gustar\u00eda agradecer desde el fondo de mi coraz\u00f3n, en mi nombre y en nombre de la funerariaMagnus Poirier, toda la asistencia que nos brind\u00f3 su funeraria, en el archivo del fallecimiento de laSra. Christine St-Onge. Una palabra especial para Lizbet Moralez, que con su perseverancia y paciencia nos [&hellip;]<\/p>","protected":false},"author":4,"featured_media":0,"parent":0,"menu_order":0,"comment_status":"closed","ping_status":"closed","template":"","meta":{"_et_pb_use_builder":"on","_et_pb_old_content":"","_et_gb_content_width":"","footnotes":""},"class_list":["post-1177","page","type-page","status-publish","hentry"],"yoast_head":"<!-- This site is optimized with the Yoast SEO plugin v27.2 - https:\/\/yoast.com\/product\/yoast-seo-wordpress\/ -->\n<title>TESTIMONIALES - Funeraria Rivera<\/title>\n<meta name=\"robots\" content=\"index, follow, max-snippet:-1, max-image-preview:large, max-video-preview:-1\" \/>\n<link rel=\"canonical\" href=\"https:\/\/funerariasrivera.mx\/en\/testimoniales\/\" \/>\n<meta property=\"og:locale\" content=\"en_US\" \/>\n<meta property=\"og:type\" content=\"article\" \/>\n<meta property=\"og:title\" content=\"TESTIMONIALES - Funeraria Rivera\" \/>\n<meta property=\"og:description\" content=\"Envianos Tu TestimonioSobre Funerarias RiveraTestimoniosBuenos dias, Me gustar\u00eda agradecer desde el fondo de mi coraz\u00f3n, en mi nombre y en nombre de la funerariaMagnus Poirier, toda la asistencia que nos brind\u00f3 su funeraria, en el archivo del fallecimiento de laSra. Christine St-Onge. Una palabra especial para Lizbet Moralez, que con su perseverancia y paciencia nos [&hellip;]\" \/>\n<meta property=\"og:url\" content=\"https:\/\/funerariasrivera.mx\/en\/testimoniales\/\" \/>\n<meta property=\"og:site_name\" content=\"Funeraria Rivera\" \/>\n<meta property=\"article:publisher\" content=\"https:\/\/www.facebook.com\/funerariasriveraoficial\" \/>\n<meta property=\"article:modified_time\" content=\"2025-01-27T18:47:50+00:00\" \/>\n<meta name=\"twitter:card\" content=\"summary_large_image\" \/>\n<meta name=\"twitter:label1\" content=\"Est. reading time\" \/>\n\t<meta name=\"twitter:data1\" content=\"8 minutes\" \/>\n<script type=\"application\/ld+json\" class=\"yoast-schema-graph\">{\"@context\":\"https:\/\/schema.org\",\"@graph\":[{\"@type\":\"WebPage\",\"@id\":\"https:\/\/funerariasrivera.mx\/testimoniales\/\",\"url\":\"https:\/\/funerariasrivera.mx\/testimoniales\/\",\"name\":\"TESTIMONIALES - Funeraria Rivera\",\"isPartOf\":{\"@id\":\"https:\/\/funerariasrivera.mx\/#website\"},\"datePublished\":\"2022-08-09T22:16:03+00:00\",\"dateModified\":\"2025-01-27T18:47:50+00:00\",\"breadcrumb\":{\"@id\":\"https:\/\/funerariasrivera.mx\/testimoniales\/#breadcrumb\"},\"inLanguage\":\"en-US\",\"potentialAction\":[{\"@type\":\"ReadAction\",\"target\":[\"https:\/\/funerariasrivera.mx\/testimoniales\/\"]}]},{\"@type\":\"BreadcrumbList\",\"@id\":\"https:\/\/funerariasrivera.mx\/testimoniales\/#breadcrumb\",\"itemListElement\":[{\"@type\":\"ListItem\",\"position\":1,\"name\":\"Home\",\"item\":\"https:\/\/funerariasrivera.mx\/\"},{\"@type\":\"ListItem\",\"position\":2,\"name\":\"TESTIMONIALES\"}]},{\"@type\":\"WebSite\",\"@id\":\"https:\/\/funerariasrivera.mx\/#website\",\"url\":\"https:\/\/funerariasrivera.mx\/\",\"name\":\"Funeraria Rivera\",\"description\":\"Funerarias en Cabo San Lucas, San Jos\u00e9 y La Paz\",\"publisher\":{\"@id\":\"https:\/\/funerariasrivera.mx\/#organization\"},\"potentialAction\":[{\"@type\":\"SearchAction\",\"target\":{\"@type\":\"EntryPoint\",\"urlTemplate\":\"https:\/\/funerariasrivera.mx\/?s={search_term_string}\"},\"query-input\":{\"@type\":\"PropertyValueSpecification\",\"valueRequired\":true,\"valueName\":\"search_term_string\"}}],\"inLanguage\":\"en-US\"},{\"@type\":\"Organization\",\"@id\":\"https:\/\/funerariasrivera.mx\/#organization\",\"name\":\"Funeraria Rivera\",\"url\":\"https:\/\/funerariasrivera.mx\/\",\"logo\":{\"@type\":\"ImageObject\",\"inLanguage\":\"en-US\",\"@id\":\"https:\/\/funerariasrivera.mx\/#\/schema\/logo\/image\/\",\"url\":\"https:\/\/funerariasrivera.mx\/wp-content\/uploads\/2022\/06\/LogoFuneraria.png\",\"contentUrl\":\"https:\/\/funerariasrivera.mx\/wp-content\/uploads\/2022\/06\/LogoFuneraria.png\",\"width\":397,\"height\":65,\"caption\":\"Funeraria Rivera\"},\"image\":{\"@id\":\"https:\/\/funerariasrivera.mx\/#\/schema\/logo\/image\/\"},\"sameAs\":[\"https:\/\/www.facebook.com\/funerariasriveraoficial\"]}]}<\/script>\n<!-- \/ Yoast SEO plugin. -->","yoast_head_json":{"title":"TESTIMONIALES - Funeraria Rivera","robots":{"index":"index","follow":"follow","max-snippet":"max-snippet:-1","max-image-preview":"max-image-preview:large","max-video-preview":"max-video-preview:-1"},"canonical":"https:\/\/funerariasrivera.mx\/en\/testimoniales\/","og_locale":"en_US","og_type":"article","og_title":"TESTIMONIALES - Funeraria Rivera","og_description":"Envianos Tu TestimonioSobre Funerarias RiveraTestimoniosBuenos dias, Me gustar\u00eda agradecer desde el fondo de mi coraz\u00f3n, en mi nombre y en nombre de la funerariaMagnus Poirier, toda la asistencia que nos brind\u00f3 su funeraria, en el archivo del fallecimiento de laSra. Christine St-Onge. Una palabra especial para Lizbet Moralez, que con su perseverancia y paciencia nos [&hellip;]","og_url":"https:\/\/funerariasrivera.mx\/en\/testimoniales\/","og_site_name":"Funeraria Rivera","article_publisher":"https:\/\/www.facebook.com\/funerariasriveraoficial","article_modified_time":"2025-01-27T18:47:50+00:00","twitter_card":"summary_large_image","twitter_misc":{"Est. reading time":"8 minutes"},"schema":{"@context":"https:\/\/schema.org","@graph":[{"@type":"WebPage","@id":"https:\/\/funerariasrivera.mx\/testimoniales\/","url":"https:\/\/funerariasrivera.mx\/testimoniales\/","name":"TESTIMONIALES - Funeraria Rivera","isPartOf":{"@id":"https:\/\/funerariasrivera.mx\/#website"},"datePublished":"2022-08-09T22:16:03+00:00","dateModified":"2025-01-27T18:47:50+00:00","breadcrumb":{"@id":"https:\/\/funerariasrivera.mx\/testimoniales\/#breadcrumb"},"inLanguage":"en-US","potentialAction":[{"@type":"ReadAction","target":["https:\/\/funerariasrivera.mx\/testimoniales\/"]}]},{"@type":"BreadcrumbList","@id":"https:\/\/funerariasrivera.mx\/testimoniales\/#breadcrumb","itemListElement":[{"@type":"ListItem","position":1,"name":"Home","item":"https:\/\/funerariasrivera.mx\/"},{"@type":"ListItem","position":2,"name":"TESTIMONIALES"}]},{"@type":"WebSite","@id":"https:\/\/funerariasrivera.mx\/#website","url":"https:\/\/funerariasrivera.mx\/","name":"Funeraria Rivera","description":"Funerarias en Cabo San Lucas, San Jos\u00e9 y La Paz","publisher":{"@id":"https:\/\/funerariasrivera.mx\/#organization"},"potentialAction":[{"@type":"SearchAction","target":{"@type":"EntryPoint","urlTemplate":"https:\/\/funerariasrivera.mx\/?s={search_term_string}"},"query-input":{"@type":"PropertyValueSpecification","valueRequired":true,"valueName":"search_term_string"}}],"inLanguage":"en-US"},{"@type":"Organization","@id":"https:\/\/funerariasrivera.mx\/#organization","name":"Funeraria Rivera","url":"https:\/\/funerariasrivera.mx\/","logo":{"@type":"ImageObject","inLanguage":"en-US","@id":"https:\/\/funerariasrivera.mx\/#\/schema\/logo\/image\/","url":"https:\/\/funerariasrivera.mx\/wp-content\/uploads\/2022\/06\/LogoFuneraria.png","contentUrl":"https:\/\/funerariasrivera.mx\/wp-content\/uploads\/2022\/06\/LogoFuneraria.png","width":397,"height":65,"caption":"Funeraria Rivera"},"image":{"@id":"https:\/\/funerariasrivera.mx\/#\/schema\/logo\/image\/"},"sameAs":["https:\/\/www.facebook.com\/funerariasriveraoficial"]}]}},"_links":{"self":[{"href":"https:\/\/funerariasrivera.mx\/en\/wp-json\/wp\/v2\/pages\/1177","targetHints":{"allow":["GET"]}}],"collection":[{"href":"https:\/\/funerariasrivera.mx\/en\/wp-json\/wp\/v2\/pages"}],"about":[{"href":"https:\/\/funerariasrivera.mx\/en\/wp-json\/wp\/v2\/types\/page"}],"author":[{"embeddable":true,"href":"https:\/\/funerariasrivera.mx\/en\/wp-json\/wp\/v2\/users\/4"}],"replies":[{"embeddable":true,"href":"https:\/\/funerariasrivera.mx\/en\/wp-json\/wp\/v2\/comments?post=1177"}],"version-history":[{"count":27,"href":"https:\/\/funerariasrivera.mx\/en\/wp-json\/wp\/v2\/pages\/1177\/revisions"}],"predecessor-version":[{"id":2196,"href":"https:\/\/funerariasrivera.mx\/en\/wp-json\/wp\/v2\/pages\/1177\/revisions\/2196"}],"wp:attachment":[{"href":"https:\/\/funerariasrivera.mx\/en\/wp-json\/wp\/v2\/media?parent=1177"}],"curies":[{"name":"wp","href":"https:\/\/api.w.org\/{rel}","templated":true}]}}