{"id":1962,"date":"2023-10-05T03:32:35","date_gmt":"2023-10-05T03:32:35","guid":{"rendered":"https:\/\/funerariasrivera.mx\/?page_id=1962"},"modified":"2024-11-18T15:52:01","modified_gmt":"2024-11-18T22:52:01","slug":"encuesta","status":"publish","type":"page","link":"https:\/\/funerariasrivera.mx\/en\/encuesta\/","title":{"rendered":"SURVEY"},"content":{"rendered":"<p>[et_pb_section fb_built=&#8221;1&#8243; _builder_version=&#8221;4.17.4&#8243; _module_preset=&#8221;default&#8221; background_image=&#8221;https:\/\/funerariasrivera.mx\/wp-content\/uploads\/2022\/10\/CAPILLA-1-CSL-.jpg&#8221; custom_padding=&#8221;437px|||||&#8221; global_colors_info=&#8221;{}&#8221;][et_pb_row _builder_version=&#8221;4.17.4&#8243; _module_preset=&#8221;default&#8221; global_colors_info=&#8221;{}&#8221;][et_pb_column type=&#8221;4_4&#8243; _builder_version=&#8221;4.17.4&#8243; _module_preset=&#8221;default&#8221; global_colors_info=&#8221;{}&#8221;][\/et_pb_column][\/et_pb_row][\/et_pb_section][et_pb_section fb_built=&#8221;1&#8243; _builder_version=&#8221;4.17.4&#8243; _module_preset=&#8221;default&#8221; min_height=&#8221;1733.3px&#8221; custom_margin=&#8221;-119px|||||&#8221; global_colors_info=&#8221;{}&#8221;][et_pb_row _builder_version=&#8221;4.17.4&#8243; _module_preset=&#8221;default&#8221; min_height=&#8221;99.4px&#8221; global_colors_info=&#8221;{}&#8221;][et_pb_column type=&#8221;4_4&#8243; _builder_version=&#8221;4.17.4&#8243; _module_preset=&#8221;default&#8221; global_colors_info=&#8221;{}&#8221;][et_pb_text _builder_version=&#8221;4.17.4&#8243; _module_preset=&#8221;default&#8221; header_font_size=&#8221;59px&#8221; global_colors_info=&#8221;{}&#8221;]<\/p>\n<h1 style=\"text-align: center;\"><strong>We want to hear you<\/strong><\/h1>\n<p>[\/et_pb_text][\/et_pb_column][\/et_pb_row][et_pb_row _builder_version=&#8221;4.17.4&#8243; _module_preset=&#8221;default&#8221; global_colors_info=&#8221;{}&#8221;][et_pb_column type=&#8221;4_4&#8243; _builder_version=&#8221;4.17.4&#8243; _module_preset=&#8221;default&#8221; global_colors_info=&#8221;{}&#8221;][et_pb_contact_form captcha=&#8221;off&#8221; email=&#8221;encuestas@funerariasrivera.mx&#8221; use_redirect=&#8221;on&#8221; redirect_url=&#8221;https:\/\/funerariasrivera.mx\/cupon\/&#8221; submit_button_text=&#8221;ENVIAR&#8221; _builder_version=&#8221;4.17.4&#8243; _module_preset=&#8221;default&#8221; _unique_id=&#8221;984c5f86-c2ed-40f2-bae6-c27a87b2dd84&#8243; custom_button=&#8221;on&#8221; button_text_color=&#8221;#FFFFFF&#8221; button_bg_color=&#8221;#5A0C1C&#8221; button_border_color=&#8221;#5A0C1C&#8221; global_colors_info=&#8221;{}&#8221;][et_pb_contact_field field_id=&#8221;nombre_del_fallecido&#8221; field_title=&#8221;Nombre del fallecido&#8221; fullwidth_field=&#8221;on&#8221; _builder_version=&#8221;4.17.4&#8243; _module_preset=&#8221;default&#8221; form_field_text_color=&#8221;#000000&#8243; global_colors_info=&#8221;{}&#8221;][\/et_pb_contact_field][et_pb_contact_field field_id=&#8221;nombre&#8221; field_title=&#8221;Nombre&#8221; _builder_version=&#8221;4.17.4&#8243; form_field_text_color=&#8221;#000000&#8243; global_colors_info=&#8221;{}&#8221; button_text_size__hover_enabled=&#8221;off&#8221; button_one_text_size__hover_enabled=&#8221;off&#8221; button_two_text_size__hover_enabled=&#8221;off&#8221; button_text_color__hover_enabled=&#8221;off&#8221; button_one_text_color__hover_enabled=&#8221;off&#8221; button_two_text_color__hover_enabled=&#8221;off&#8221; button_border_width__hover_enabled=&#8221;off&#8221; button_one_border_width__hover_enabled=&#8221;off&#8221; button_two_border_width__hover_enabled=&#8221;off&#8221; button_border_color__hover_enabled=&#8221;off&#8221; button_one_border_color__hover_enabled=&#8221;off&#8221; button_two_border_color__hover_enabled=&#8221;off&#8221; button_border_radius__hover_enabled=&#8221;off&#8221; button_one_border_radius__hover_enabled=&#8221;off&#8221; button_two_border_radius__hover_enabled=&#8221;off&#8221; button_letter_spacing__hover_enabled=&#8221;off&#8221; button_one_letter_spacing__hover_enabled=&#8221;off&#8221; button_two_letter_spacing__hover_enabled=&#8221;off&#8221; button_bg_color__hover_enabled=&#8221;off&#8221; button_one_bg_color__hover_enabled=&#8221;off&#8221; button_two_bg_color__hover_enabled=&#8221;off&#8221;][\/et_pb_contact_field][et_pb_contact_field field_id=&#8221;telefono&#8221; field_title=&#8221;Numero de tel\u00e9fono&#8221; min_length=&#8221;1&#8243; max_length=&#8221;255&#8243; allowed_symbols=&#8221;numbers&#8221; fullwidth_field=&#8221;on&#8221; _builder_version=&#8221;4.17.4&#8243; _module_preset=&#8221;default&#8221; form_field_text_color=&#8221;#000000&#8243; max_width=&#8221;50%&#8221; max_height=&#8221;482px&#8221; global_colors_info=&#8221;{}&#8221;][\/et_pb_contact_field][et_pb_contact_field field_id=&#8221;Email&#8221; field_title=&#8221;Correo electr\u00f3nico&#8221; field_type=&#8221;email&#8221; _builder_version=&#8221;4.17.4&#8243; form_field_text_color=&#8221;#000000&#8243; global_colors_info=&#8221;{}&#8221; button_text_size__hover_enabled=&#8221;off&#8221; button_one_text_size__hover_enabled=&#8221;off&#8221; button_two_text_size__hover_enabled=&#8221;off&#8221; button_text_color__hover_enabled=&#8221;off&#8221; button_one_text_color__hover_enabled=&#8221;off&#8221; button_two_text_color__hover_enabled=&#8221;off&#8221; button_border_width__hover_enabled=&#8221;off&#8221; button_one_border_width__hover_enabled=&#8221;off&#8221; button_two_border_width__hover_enabled=&#8221;off&#8221; button_border_color__hover_enabled=&#8221;off&#8221; button_one_border_color__hover_enabled=&#8221;off&#8221; button_two_border_color__hover_enabled=&#8221;off&#8221; button_border_radius__hover_enabled=&#8221;off&#8221; button_one_border_radius__hover_enabled=&#8221;off&#8221; button_two_border_radius__hover_enabled=&#8221;off&#8221; button_letter_spacing__hover_enabled=&#8221;off&#8221; button_one_letter_spacing__hover_enabled=&#8221;off&#8221; button_two_letter_spacing__hover_enabled=&#8221;off&#8221; button_bg_color__hover_enabled=&#8221;off&#8221; button_one_bg_color__hover_enabled=&#8221;off&#8221; button_two_bg_color__hover_enabled=&#8221;off&#8221;][\/et_pb_contact_field][et_pb_contact_field field_id=&#8221;sucursal&#8221; field_title=&#8221;Sucursal&#8221; field_type=&#8221;radio&#8221; radio_options=&#8221;%91{%22value%22:%22SAN JOSE DEL CABO%22,%22checked%22:0,%22dragID%22:-1},{%22value%22:%22CABO SAN LUCAS%22,%22checked%22:0,%22dragID%22:0},{%22value%22:%22LA PAZ%22,%22checked%22:0,%22dragID%22:1}%93&#8243; fullwidth_field=&#8221;on&#8221; _builder_version=&#8221;4.17.4&#8243; _module_preset=&#8221;default&#8221; form_field_text_color=&#8221;#000000&#8243; global_colors_info=&#8221;{}&#8221;][\/et_pb_contact_field][et_pb_contact_field field_id=&#8221;pregunta1&#8243; field_title=&#8221;\u00bfLos tiempos de respuesta al  atender el Servicio Funerario fueron los adecuados ? &#8221; field_type=&#8221;radio&#8221; radio_options=&#8221;%91{%22value%22:%22Excelente %22,%22checked%22:0,%22dragID%22:-1},{%22value%22:%22Bueno%22,%22checked%22:0,%22dragID%22:0},{%22value%22:%22Malo%22,%22checked%22:0,%22dragID%22:1},{%22value%22:%22Muy malo%22,%22checked%22:0,%22dragID%22:2}%93&#8243; fullwidth_field=&#8221;on&#8221; _builder_version=&#8221;4.17.4&#8243; _module_preset=&#8221;default&#8221; form_field_text_color=&#8221;#000000&#8243; form_field_focus_background_color=&#8221;#000000&#8243; form_field_focus_text_color=&#8221;#000000&#8243; global_colors_info=&#8221;{}&#8221;][\/et_pb_contact_field][et_pb_contact_field field_id=&#8221;pregunta3&#8243; field_title=&#8221;\u00bfLas instalaciones y equipo funerario se encontraban en buen estado ?&#8221; field_type=&#8221;radio&#8221; radio_options=&#8221;%91{%22value%22:%22Excelente%22,%22checked%22:0,%22dragID%22:-1},{%22value%22:%22Bueno%22,%22checked%22:0,%22dragID%22:0},{%22value%22:%22Malo%22,%22checked%22:0,%22dragID%22:1},{%22value%22:%22Muy malo%22,%22checked%22:0,%22dragID%22:2}%93&#8243; fullwidth_field=&#8221;on&#8221; _builder_version=&#8221;4.17.4&#8243; _module_preset=&#8221;default&#8221; form_field_text_color=&#8221;#000000&#8243; global_colors_info=&#8221;{}&#8221;][\/et_pb_contact_field][et_pb_contact_field field_id=&#8221;pregunta&#8221; field_title=&#8221;\u00bfQue le pareci\u00f3 el servicio y Atenci\u00f3n de Cafeter\u00eda ? &#8221; field_type=&#8221;radio&#8221; radio_options=&#8221;%91{%22value%22:%22Excelente%22,%22checked%22:0,%22dragID%22:-1},{%22value%22:%22Bueno%22,%22checked%22:0,%22dragID%22:0},{%22value%22:%22Malo%22,%22checked%22:0,%22dragID%22:1},{%22value%22:%22Muy malo%22,%22checked%22:0,%22dragID%22:2}%93&#8243; fullwidth_field=&#8221;on&#8221; _builder_version=&#8221;4.17.4&#8243; _module_preset=&#8221;default&#8221; form_field_text_color=&#8221;#000000&#8243; global_colors_info=&#8221;{}&#8221;][\/et_pb_contact_field][et_pb_contact_field field_id=&#8221;pregunta2&#8243; field_title=&#8221;\u00bfEl trato del personal de la Funeraria fue con amabilidad, comprensi\u00f3n y respeto ?&#8221; field_type=&#8221;radio&#8221; radio_options=&#8221;%91{%22value%22:%22Excelente%22,%22checked%22:0,%22dragID%22:-1},{%22value%22:%22Bueno%22,%22checked%22:0,%22dragID%22:0},{%22value%22:%22Malo%22,%22checked%22:0,%22dragID%22:1},{%22value%22:%22Muy malo%22,%22checked%22:0,%22dragID%22:2}%93&#8243; fullwidth_field=&#8221;on&#8221; _builder_version=&#8221;4.17.4&#8243; _module_preset=&#8221;default&#8221; form_field_text_color=&#8221;#000000&#8243; global_colors_info=&#8221;{}&#8221;][\/et_pb_contact_field][et_pb_contact_field field_id=&#8221;pregunta4&#8243; field_title=&#8221;\u00bfDesea expresar alg\u00fan comentario adicional ?&#8221; field_type=&#8221;text&#8221; fullwidth_field=&#8221;on&#8221; _builder_version=&#8221;4.17.4&#8243; _module_preset=&#8221;default&#8221; form_field_background_color=&#8221;#D6D6D6&#8243; form_field_text_color=&#8221;#000000&#8243; form_field_focus_background_color=&#8221;#000000&#8243; form_field_focus_text_color=&#8221;#D6D6D6&#8243; global_colors_info=&#8221;{}&#8221;][\/et_pb_contact_field][\/et_pb_contact_form][\/et_pb_column][\/et_pb_row][\/et_pb_section]<\/p>","protected":false},"excerpt":{"rendered":"<p>We want to hear you<\/p>","protected":false},"author":4,"featured_media":0,"parent":0,"menu_order":0,"comment_status":"closed","ping_status":"closed","template":"","meta":{"_et_pb_use_builder":"on","_et_pb_old_content":"","_et_gb_content_width":"","footnotes":""},"class_list":["post-1962","page","type-page","status-publish","hentry"],"yoast_head":"<!-- This site is optimized with the Yoast SEO plugin v27.2 - https:\/\/yoast.com\/product\/yoast-seo-wordpress\/ -->\n<title>ENCUESTA - Funeraria Rivera<\/title>\n<meta name=\"robots\" content=\"index, follow, max-snippet:-1, max-image-preview:large, max-video-preview:-1\" \/>\n<link rel=\"canonical\" href=\"https:\/\/funerariasrivera.mx\/en\/encuesta\/\" \/>\n<meta property=\"og:locale\" content=\"en_US\" \/>\n<meta property=\"og:type\" content=\"article\" \/>\n<meta property=\"og:title\" content=\"ENCUESTA - Funeraria Rivera\" \/>\n<meta property=\"og:description\" content=\"Queremos Escucharte\" \/>\n<meta property=\"og:url\" content=\"https:\/\/funerariasrivera.mx\/en\/encuesta\/\" \/>\n<meta property=\"og:site_name\" content=\"Funeraria Rivera\" \/>\n<meta property=\"article:publisher\" content=\"https:\/\/www.facebook.com\/funerariasriveraoficial\" \/>\n<meta property=\"article:modified_time\" content=\"2024-11-18T22:52:01+00:00\" \/>\n<meta name=\"twitter:card\" content=\"summary_large_image\" \/>\n<meta name=\"twitter:label1\" content=\"Est. reading time\" \/>\n\t<meta name=\"twitter:data1\" content=\"5 minutes\" \/>\n<script type=\"application\/ld+json\" class=\"yoast-schema-graph\">{\"@context\":\"https:\/\/schema.org\",\"@graph\":[{\"@type\":\"WebPage\",\"@id\":\"https:\/\/funerariasrivera.mx\/encuesta\/\",\"url\":\"https:\/\/funerariasrivera.mx\/encuesta\/\",\"name\":\"ENCUESTA - Funeraria Rivera\",\"isPartOf\":{\"@id\":\"https:\/\/funerariasrivera.mx\/#website\"},\"datePublished\":\"2023-10-05T03:32:35+00:00\",\"dateModified\":\"2024-11-18T22:52:01+00:00\",\"breadcrumb\":{\"@id\":\"https:\/\/funerariasrivera.mx\/encuesta\/#breadcrumb\"},\"inLanguage\":\"en-US\",\"potentialAction\":[{\"@type\":\"ReadAction\",\"target\":[\"https:\/\/funerariasrivera.mx\/encuesta\/\"]}]},{\"@type\":\"BreadcrumbList\",\"@id\":\"https:\/\/funerariasrivera.mx\/encuesta\/#breadcrumb\",\"itemListElement\":[{\"@type\":\"ListItem\",\"position\":1,\"name\":\"Home\",\"item\":\"https:\/\/funerariasrivera.mx\/\"},{\"@type\":\"ListItem\",\"position\":2,\"name\":\"ENCUESTA\"}]},{\"@type\":\"WebSite\",\"@id\":\"https:\/\/funerariasrivera.mx\/#website\",\"url\":\"https:\/\/funerariasrivera.mx\/\",\"name\":\"Funeraria Rivera\",\"description\":\"Funerarias en Cabo San Lucas, San Jos\u00e9 y La Paz\",\"publisher\":{\"@id\":\"https:\/\/funerariasrivera.mx\/#organization\"},\"potentialAction\":[{\"@type\":\"SearchAction\",\"target\":{\"@type\":\"EntryPoint\",\"urlTemplate\":\"https:\/\/funerariasrivera.mx\/?s={search_term_string}\"},\"query-input\":{\"@type\":\"PropertyValueSpecification\",\"valueRequired\":true,\"valueName\":\"search_term_string\"}}],\"inLanguage\":\"en-US\"},{\"@type\":\"Organization\",\"@id\":\"https:\/\/funerariasrivera.mx\/#organization\",\"name\":\"Funeraria Rivera\",\"url\":\"https:\/\/funerariasrivera.mx\/\",\"logo\":{\"@type\":\"ImageObject\",\"inLanguage\":\"en-US\",\"@id\":\"https:\/\/funerariasrivera.mx\/#\/schema\/logo\/image\/\",\"url\":\"https:\/\/funerariasrivera.mx\/wp-content\/uploads\/2022\/06\/LogoFuneraria.png\",\"contentUrl\":\"https:\/\/funerariasrivera.mx\/wp-content\/uploads\/2022\/06\/LogoFuneraria.png\",\"width\":397,\"height\":65,\"caption\":\"Funeraria Rivera\"},\"image\":{\"@id\":\"https:\/\/funerariasrivera.mx\/#\/schema\/logo\/image\/\"},\"sameAs\":[\"https:\/\/www.facebook.com\/funerariasriveraoficial\"]}]}<\/script>\n<!-- \/ Yoast SEO plugin. -->","yoast_head_json":{"title":"ENCUESTA - Funeraria Rivera","robots":{"index":"index","follow":"follow","max-snippet":"max-snippet:-1","max-image-preview":"max-image-preview:large","max-video-preview":"max-video-preview:-1"},"canonical":"https:\/\/funerariasrivera.mx\/en\/encuesta\/","og_locale":"en_US","og_type":"article","og_title":"ENCUESTA - Funeraria Rivera","og_description":"Queremos Escucharte","og_url":"https:\/\/funerariasrivera.mx\/en\/encuesta\/","og_site_name":"Funeraria Rivera","article_publisher":"https:\/\/www.facebook.com\/funerariasriveraoficial","article_modified_time":"2024-11-18T22:52:01+00:00","twitter_card":"summary_large_image","twitter_misc":{"Est. reading time":"5 minutes"},"schema":{"@context":"https:\/\/schema.org","@graph":[{"@type":"WebPage","@id":"https:\/\/funerariasrivera.mx\/encuesta\/","url":"https:\/\/funerariasrivera.mx\/encuesta\/","name":"ENCUESTA - Funeraria Rivera","isPartOf":{"@id":"https:\/\/funerariasrivera.mx\/#website"},"datePublished":"2023-10-05T03:32:35+00:00","dateModified":"2024-11-18T22:52:01+00:00","breadcrumb":{"@id":"https:\/\/funerariasrivera.mx\/encuesta\/#breadcrumb"},"inLanguage":"en-US","potentialAction":[{"@type":"ReadAction","target":["https:\/\/funerariasrivera.mx\/encuesta\/"]}]},{"@type":"BreadcrumbList","@id":"https:\/\/funerariasrivera.mx\/encuesta\/#breadcrumb","itemListElement":[{"@type":"ListItem","position":1,"name":"Home","item":"https:\/\/funerariasrivera.mx\/"},{"@type":"ListItem","position":2,"name":"ENCUESTA"}]},{"@type":"WebSite","@id":"https:\/\/funerariasrivera.mx\/#website","url":"https:\/\/funerariasrivera.mx\/","name":"Funeraria Rivera","description":"Funerarias en Cabo San Lucas, San Jos\u00e9 y La Paz","publisher":{"@id":"https:\/\/funerariasrivera.mx\/#organization"},"potentialAction":[{"@type":"SearchAction","target":{"@type":"EntryPoint","urlTemplate":"https:\/\/funerariasrivera.mx\/?s={search_term_string}"},"query-input":{"@type":"PropertyValueSpecification","valueRequired":true,"valueName":"search_term_string"}}],"inLanguage":"en-US"},{"@type":"Organization","@id":"https:\/\/funerariasrivera.mx\/#organization","name":"Funeraria Rivera","url":"https:\/\/funerariasrivera.mx\/","logo":{"@type":"ImageObject","inLanguage":"en-US","@id":"https:\/\/funerariasrivera.mx\/#\/schema\/logo\/image\/","url":"https:\/\/funerariasrivera.mx\/wp-content\/uploads\/2022\/06\/LogoFuneraria.png","contentUrl":"https:\/\/funerariasrivera.mx\/wp-content\/uploads\/2022\/06\/LogoFuneraria.png","width":397,"height":65,"caption":"Funeraria Rivera"},"image":{"@id":"https:\/\/funerariasrivera.mx\/#\/schema\/logo\/image\/"},"sameAs":["https:\/\/www.facebook.com\/funerariasriveraoficial"]}]}},"_links":{"self":[{"href":"https:\/\/funerariasrivera.mx\/en\/wp-json\/wp\/v2\/pages\/1962","targetHints":{"allow":["GET"]}}],"collection":[{"href":"https:\/\/funerariasrivera.mx\/en\/wp-json\/wp\/v2\/pages"}],"about":[{"href":"https:\/\/funerariasrivera.mx\/en\/wp-json\/wp\/v2\/types\/page"}],"author":[{"embeddable":true,"href":"https:\/\/funerariasrivera.mx\/en\/wp-json\/wp\/v2\/users\/4"}],"replies":[{"embeddable":true,"href":"https:\/\/funerariasrivera.mx\/en\/wp-json\/wp\/v2\/comments?post=1962"}],"version-history":[{"count":26,"href":"https:\/\/funerariasrivera.mx\/en\/wp-json\/wp\/v2\/pages\/1962\/revisions"}],"predecessor-version":[{"id":2183,"href":"https:\/\/funerariasrivera.mx\/en\/wp-json\/wp\/v2\/pages\/1962\/revisions\/2183"}],"wp:attachment":[{"href":"https:\/\/funerariasrivera.mx\/en\/wp-json\/wp\/v2\/media?parent=1962"}],"curies":[{"name":"wp","href":"https:\/\/api.w.org\/{rel}","templated":true}]}}