{"id":2471,"date":"2025-11-04T14:39:22","date_gmt":"2025-11-04T21:39:22","guid":{"rendered":"https:\/\/funerariasrivera.mx\/?page_id=2471"},"modified":"2025-11-08T14:06:32","modified_gmt":"2025-11-08T21:06:32","slug":"planes-funerarios-registro","status":"publish","type":"page","link":"https:\/\/funerariasrivera.mx\/en\/planes-funerarios-registro\/","title":{"rendered":"Planes Funerarios &#8211; Registro"},"content":{"rendered":"<p>[et_pb_section fb_built=&#8221;1&#8243; _builder_version=&#8221;4.17.4&#8243; _module_preset=&#8221;default&#8221; background_image=&#8221;https:\/\/florerialirio.com\/wp-content\/uploads\/2022\/06\/slider-04.jpg&#8221; custom_padding=&#8221;54px||267px|||&#8221; global_colors_info=&#8221;{}&#8221;][\/et_pb_section][et_pb_section fb_built=&#8221;1&#8243; custom_padding_last_edited=&#8221;on|phone&#8221; _builder_version=&#8221;4.16&#8243; min_height=&#8221;2442.2px&#8221; custom_padding=&#8221;130px||130px||false|false&#8221; custom_padding_tablet=&#8221;70px||70px||false|false&#8221; custom_padding_phone=&#8221;50px||50px||false|false&#8221; locked=&#8221;off&#8221; global_colors_info=&#8221;{}&#8221;][et_pb_row _builder_version=&#8221;4.17.4&#8243; _module_preset=&#8221;default&#8221; global_colors_info=&#8221;{}&#8221;][et_pb_column type=&#8221;4_4&#8243; _builder_version=&#8221;4.17.4&#8243; _module_preset=&#8221;default&#8221; global_colors_info=&#8221;{}&#8221;][et_pb_text _builder_version=&#8221;4.17.4&#8243; _module_preset=&#8221;default&#8221; header_text_align=&#8221;center&#8221; header_text_color=&#8221;#000000&#8243; header_font_size=&#8221;40px&#8221; global_colors_info=&#8221;{}&#8221;]<\/p>\n<h1>Planes funerarios en Cabo San Lucas, San Jos\u00e9 del Cabo y La Paz<\/h1>\n<p>[\/et_pb_text][\/et_pb_column][\/et_pb_row][et_pb_row _builder_version=&#8221;4.17.4&#8243; _module_preset=&#8221;default&#8221; global_colors_info=&#8221;{}&#8221;][et_pb_column type=&#8221;4_4&#8243; _builder_version=&#8221;4.17.4&#8243; _module_preset=&#8221;default&#8221; global_colors_info=&#8221;{}&#8221;][et_pb_text _builder_version=&#8221;4.17.4&#8243; _module_preset=&#8221;default&#8221; header_font=&#8221;Actor||||||||&#8221; header_text_color=&#8221;#890115&#8243; header_4_font=&#8221;Adamina||||||||&#8221; header_4_text_color=&#8221;#890115&#8243; header_4_font_size=&#8221;21px&#8221; global_colors_info=&#8221;{}&#8221;]<\/p>\n<p data-start=\"311\" data-end=\"604\">En <strong data-start=\"314\" data-end=\"335\">Funerarias Rivera<\/strong> sabemos que cada despedida merece ser tratada con respeto, dignidad y cuidado. Por ello, ponemos a disposici\u00f3n de las familias planes de previsi\u00f3n funerales integrales que cubre todas las necesidades en los momentos m\u00e1s dif\u00edciles, brindando tranquilidad emocional, familiar y econ\u00f3mica.<\/p>\n<p data-start=\"606\" data-end=\"837\">Con m\u00e1s de <strong data-start=\"617\" data-end=\"643\">60 a\u00f1os de experiencia<\/strong> en el sector funerario, ofrecemos soluciones completas y personalizadas, con planes accesibles y transferibles, siempre con la certeza de recibir un servicio profesional, humano y de calidad.<\/p>\n<div class=\"col-md-12\">\n<ul><\/ul>\n<\/div>\n<h4 style=\"text-align: center;\"><span>\u00a0 \u00a0 \u00a0 \u00a0 \u00a0 \u00a0 \u00a0 \u00a0 \u00a0 \u00a0\u00a0<\/span><\/h4>\n<h4><\/h4>\n<h1><\/h1>\n<h1><\/h1>\n<h1><\/h1>\n<h3><\/h3>\n<p>[\/et_pb_text][et_pb_divider color=&#8221;#7f0e22&#8243; divider_weight=&#8221;18px&#8221; _builder_version=&#8221;4.17.4&#8243; _module_preset=&#8221;default&#8221; global_colors_info=&#8221;{}&#8221;][\/et_pb_divider][\/et_pb_column][\/et_pb_row][et_pb_row _builder_version=&#8221;4.17.4&#8243; _module_preset=&#8221;default&#8221; global_colors_info=&#8221;{}&#8221;][et_pb_column type=&#8221;4_4&#8243; _builder_version=&#8221;4.17.4&#8243; _module_preset=&#8221;default&#8221; global_colors_info=&#8221;{}&#8221;][et_pb_text _builder_version=&#8221;4.17.4&#8243; _module_preset=&#8221;default&#8221; header_text_align=&#8221;center&#8221; header_text_color=&#8221;#000000&#8243; header_font_size=&#8221;40px&#8221; global_colors_info=&#8221;{}&#8221;]<\/p>\n<h1>Beneficios de tener un plan de previsi\u00f3n Funeral<\/h1>\n<p>[\/et_pb_text][\/et_pb_column][\/et_pb_row][et_pb_row column_structure=&#8221;1_2,1_2&#8243; _builder_version=&#8221;4.17.4&#8243; _module_preset=&#8221;default&#8221; global_colors_info=&#8221;{}&#8221;][et_pb_column type=&#8221;1_2&#8243; _builder_version=&#8221;4.17.4&#8243; _module_preset=&#8221;default&#8221; global_colors_info=&#8221;{}&#8221;][et_pb_image src=&#8221;http:\/\/funerariasrivera.mx\/wp-content\/uploads\/2025\/10\/firma-de-contrato-de-plan-de-prevision-funerario.jpg&#8221; alt=&#8221;firma de contrato de plan de previsi\u00f3n funerario&#8221; title_text=&#8221;firma de contrato de plan de previsi\u00f3n funerario&#8221; _builder_version=&#8221;4.17.4&#8243; _module_preset=&#8221;default&#8221; global_colors_info=&#8221;{}&#8221;][\/et_pb_image][\/et_pb_column][et_pb_column type=&#8221;1_2&#8243; _builder_version=&#8221;4.17.4&#8243; _module_preset=&#8221;default&#8221; global_colors_info=&#8221;{}&#8221;][et_pb_text _builder_version=&#8221;4.17.4&#8243; _module_preset=&#8221;default&#8221; header_font=&#8221;Actor||||||||&#8221; header_text_color=&#8221;#890115&#8243; header_4_font=&#8221;Adamina||||||||&#8221; header_4_text_color=&#8221;#890115&#8243; header_4_font_size=&#8221;21px&#8221; global_colors_info=&#8221;{}&#8221;]<\/p>\n<div class=\"col-md-12\">\n<ul>\n<li class=\"location-font\"><span>100% transferible.<\/span><\/li>\n<li class=\"location-font\">De uso inmediato.<span><\/span><\/li>\n<li class=\"location-font\">Al momento de solicitarlo se cubre el 40% del monto restante para otorgar el servicio.<\/li>\n<li class=\"location-font\">Cobertura Nacional.<\/li>\n<li class=\"location-font\">No tiene fecha de caducidad.<\/li>\n<li class=\"location-font\">P\u00f3liza de cancelaci\u00f3n por accidente.<\/li>\n<li class=\"location-font\">Se entrega t\u00edtulo de propiedad.<\/li>\n<li class=\"location-font\">M\u00faltiples Salas de Velaci\u00f3n.<\/li>\n<li class=\"location-font\">Empresa legalmente constituida.<\/li>\n<li class=\"location-font\">Precios bajos.<\/li>\n<li class=\"location-font\">Pagos Accesibles.<\/li>\n<li class=\"location-font\">Atenci\u00f3n 24\/7.<\/li>\n<\/ul>\n<\/div>\n<h4><\/h4>\n<h1><\/h1>\n<h1><\/h1>\n<h1><\/h1>\n<p>[\/et_pb_text][\/et_pb_column][\/et_pb_row][et_pb_row _builder_version=&#8221;4.17.4&#8243; _module_preset=&#8221;default&#8221; global_colors_info=&#8221;{}&#8221;][et_pb_column type=&#8221;4_4&#8243; _builder_version=&#8221;4.17.4&#8243; _module_preset=&#8221;default&#8221; global_colors_info=&#8221;{}&#8221;][et_pb_divider color=&#8221;#7f0e22&#8243; divider_weight=&#8221;18px&#8221; _builder_version=&#8221;4.17.4&#8243; _module_preset=&#8221;default&#8221; global_colors_info=&#8221;{}&#8221;][\/et_pb_divider][\/et_pb_column][\/et_pb_row][et_pb_row module_id=&#8221;registro&#8221; module_class=&#8221;registro&#8221; _builder_version=&#8221;4.17.4&#8243; _module_preset=&#8221;default&#8221; global_colors_info=&#8221;{}&#8221;][et_pb_column type=&#8221;4_4&#8243; _builder_version=&#8221;4.17.4&#8243; _module_preset=&#8221;default&#8221; global_colors_info=&#8221;{}&#8221;][et_pb_text _builder_version=&#8221;4.17.4&#8243; _module_preset=&#8221;default&#8221; header_text_align=&#8221;center&#8221; header_text_color=&#8221;#000000&#8243; header_font_size=&#8221;40px&#8221; global_colors_info=&#8221;{}&#8221;]<\/p>\n<h1>Registrate para que una asesora de tu \u00e1rea se contacte contigo<\/h1>\n<p>[\/et_pb_text][\/et_pb_column][\/et_pb_row][et_pb_row _builder_version=&#8221;4.17.4&#8243; _module_preset=&#8221;default&#8221; global_colors_info=&#8221;{}&#8221;][et_pb_column type=&#8221;4_4&#8243; _builder_version=&#8221;4.17.4&#8243; _module_preset=&#8221;default&#8221; global_colors_info=&#8221;{}&#8221;][et_pb_text _builder_version=&#8221;4.17.4&#8243; _module_preset=&#8221;default&#8221; global_colors_info=&#8221;{}&#8221;]<\/p>\n\n<div class=\"wpcf7 no-js\" id=\"wpcf7-f2474-o1\" lang=\"en-US\" dir=\"ltr\" data-wpcf7-id=\"2474\">\n<div class=\"screen-reader-response\"><p role=\"status\" aria-live=\"polite\" aria-atomic=\"true\"><\/p> <ul><\/ul><\/div>\n<form action=\"\/en\/wp-json\/wp\/v2\/pages\/2471#wpcf7-f2474-o1\" method=\"post\" class=\"wpcf7-form init\" aria-label=\"Contact form\" novalidate=\"novalidate\" data-status=\"init\" data-trp-original-action=\"\/en\/wp-json\/wp\/v2\/pages\/2471#wpcf7-f2474-o1\">\n<fieldset class=\"hidden-fields-container\"><input type=\"hidden\" name=\"_wpcf7\" value=\"2474\" \/><input type=\"hidden\" name=\"_wpcf7_version\" value=\"6.1.2\" \/><input type=\"hidden\" name=\"_wpcf7_locale\" value=\"en_US\" \/><input type=\"hidden\" name=\"_wpcf7_unit_tag\" value=\"wpcf7-f2474-o1\" \/><input type=\"hidden\" name=\"_wpcf7_container_post\" value=\"0\" \/><input type=\"hidden\" name=\"_wpcf7_posted_data_hash\" value=\"\" \/>\n<\/fieldset>\n<p><label> Nombre:<br \/>\n<span class=\"wpcf7-form-control-wrap\" data-name=\"your-name\"><input size=\"40\" maxlength=\"400\" class=\"wpcf7-form-control wpcf7-text wpcf7-validates-as-required\" autocomplete=\"Nombre\" aria-required=\"true\" aria-invalid=\"false\" value=\"\" type=\"text\" name=\"your-name\" \/><\/span> <\/label>\n<\/p>\n<p><label> Tel\u00e9fono:<br \/>\n<span class=\"wpcf7-form-control-wrap\" data-name=\"your-phone\"><input size=\"40\" maxlength=\"400\" class=\"wpcf7-form-control wpcf7-tel wpcf7-validates-as-required wpcf7-text wpcf7-validates-as-tel\" aria-required=\"true\" aria-invalid=\"false\" value=\"\" type=\"tel\" name=\"your-phone\" \/><\/span> <\/label>\n<\/p>\n<p><label> Localidad<br \/>\n<span class=\"wpcf7-form-control-wrap\" data-name=\"localidad\"><select class=\"wpcf7-form-control wpcf7-select wpcf7-validates-as-required\" aria-required=\"true\" aria-invalid=\"false\" name=\"localidad\"><option value=\"La Paz\">La Paz<\/option><option value=\"San Jos\u00e9 del Cabo\">San Jos\u00e9 del Cabo<\/option><option value=\"Cabo San Lucas\">Cabo San Lucas<\/option><\/select><\/span> <\/label>\n<\/p>\n<input class=\"wpcf7-form-control wpcf7-hidden\" value=\"\" type=\"hidden\" name=\"utm_source\" \/>\n<input class=\"wpcf7-form-control wpcf7-hidden\" value=\"\" type=\"hidden\" name=\"utm_medium\" \/>\n<input class=\"wpcf7-form-control wpcf7-hidden\" value=\"\" type=\"hidden\" name=\"utm_campaign\" \/>\n<input class=\"wpcf7-form-control wpcf7-hidden\" value=\"\" type=\"hidden\" name=\"utm_term\" \/>\n<input class=\"wpcf7-form-control wpcf7-hidden\" value=\"\" type=\"hidden\" name=\"utm_content\" \/>\n<p><input class=\"wpcf7-form-control wpcf7-submit has-spinner\" type=\"submit\" value=\"Enviar\" \/>\n<\/p><div class=\"wpcf7-response-output\" aria-hidden=\"true\"><\/div>\n<input type=\"hidden\" name=\"trp-form-language\" value=\"en\"\/><\/form>\n<\/div>\n\n<p>[\/et_pb_text][\/et_pb_column][\/et_pb_row][et_pb_row _builder_version=&#8221;4.17.4&#8243; _module_preset=&#8221;default&#8221; global_colors_info=&#8221;{}&#8221;][et_pb_column type=&#8221;4_4&#8243; _builder_version=&#8221;4.17.4&#8243; _module_preset=&#8221;default&#8221; global_colors_info=&#8221;{}&#8221;][et_pb_text _builder_version=&#8221;4.17.4&#8243; _module_preset=&#8221;default&#8221; hover_enabled=&#8221;0&#8243; sticky_enabled=&#8221;0&#8243;]. <script>\n\t(function() {\n\t  const API_URL = 'https:\/\/kioskcabo.com\/wp-json\/frp\/v1\/prospecto';\n\t  const API_TOKEN = ''; \/\/ opcional\n\t  const THANKYOU_URL = 'https:\/\/funerariasrivera.mx\/gracias\/';\n\t  const MANAGER_WA = 'https:\/\/wa.me\/526241199416?text=' + encodeURIComponent(\n\t    'Hola, me registr\u00e9 para conocer los planes funerarios desde la web.'\n\t  );\n\n\t  \/\/ Ya usas sjc\/csl en CF7; si necesitaras mapear, hazlo aqu\u00ed:\n\t  function normalizarLocalidad(valor) { return valor || ''; }\n\n\t  document.addEventListener('wpcf7mailsent', async function(event) {\n\t    try {\n\t      const inputs = event.detail?.inputs || [];\n\t      const get = (name) => {\n\t        const o = inputs.find(i => i.name === name);\n\t        return o ? o.value : '';\n\t      };\n\n\t      const nombre    = get('your-name');\n\t      const telefono  = get('your-phone');\n\t      const localidad = normalizarLocalidad(get('localidad'));\n\n\t      const payload = {\n\t        nombre,\n\t        telefono,\n\t        localidad, \/\/ 'sjc' o 'csl'\n\t        fuente: 'Landing FunerariasRivera',\n\t        utm_source:  get('utm_source'),\n\t        utm_medium:  get('utm_medium'),\n\t        utm_campaign:get('utm_campaign'),\n\t        utm_term:    get('utm_term'),\n\t        utm_content: get('utm_content'),\n\t      };\n\n\t      const resp = await fetch(API_URL, {\n\t        method: 'POST',\n\t        headers: {\n\t          'Content-Type': 'application\/json',\n\t          ...(API_TOKEN ? {'X-FR-Token': API_TOKEN} : {})\n\t        },\n\t        body: JSON.stringify(payload),\n\t        mode: 'cors',\n\t        credentials: 'omit'\n\t      });\n\n\t      const data = await resp.json();\n\t      console.log('API respuesta', data);\n\n\t      \/\/ Armado de URL para la Thank You (Lead por URL)\n\t      const n   = encodeURIComponent(nombre || '');\n\t      const pid = (data && data.prospecto_id) ? encodeURIComponent(String(data.prospecto_id)) : '';\n\t      const wa  = (data && data.success && data.wa_link) ? encodeURIComponent(data.wa_link) : encodeURIComponent(MANAGER_WA);\n\n\t      \/\/ Opcional: delay en ms (t=1500 por defecto, se puede cambiar desde \/gracias)\n\t      const t = 5000;\n\n\t      let url = THANKYOU_URL + '?n=' + n + '&wa=' + wa + '&t=' + t;\n\t      if (pid) url += ('&pid=' + pid);\n\n\t      window.location.href = url;\n\n\t    } catch (err) {\n\t      console.error('Error enviando prospecto:', err);\n\t      \/\/ Fallback: enviar a gracias con Gerencia\n\t      const n = encodeURIComponent(''); \/\/ sin nombre si no lo tenemos\n\t      const wa = encodeURIComponent(MANAGER_WA);\n\t      const t = 1500;\n\t      const url = THANKYOU_URL + '?n=' + n + '&wa=' + wa + '&t=' + t;\n\t      window.location.href = url;\n\t    }\n\t  }, false);\n\t})();\n\t<\/script> .[\/et_pb_text][\/et_pb_column][\/et_pb_row][et_pb_row _builder_version=&#8221;4.17.4&#8243; _module_preset=&#8221;default&#8221; global_colors_info=&#8221;{}&#8221;][et_pb_column type=&#8221;4_4&#8243; _builder_version=&#8221;4.17.4&#8243; _module_preset=&#8221;default&#8221; global_colors_info=&#8221;{}&#8221;][et_pb_divider color=&#8221;#7f0e22&#8243; divider_weight=&#8221;18px&#8221; _builder_version=&#8221;4.17.4&#8243; _module_preset=&#8221;default&#8221; global_colors_info=&#8221;{}&#8221;][\/et_pb_divider][\/et_pb_column][\/et_pb_row][\/et_pb_section]<\/p>","protected":false},"excerpt":{"rendered":"<p>Planes funerarios en Cabo San Lucas, San Jos\u00e9 del Cabo y La PazEn Funerarias Rivera sabemos que cada despedida merece ser tratada con respeto, dignidad y cuidado. Por ello, ponemos a disposici\u00f3n de las familias planes de previsi\u00f3n funerales integrales que cubre todas las necesidades en los momentos m\u00e1s dif\u00edciles, brindando tranquilidad emocional, familiar y [&hellip;]<\/p>","protected":false},"author":4,"featured_media":0,"parent":0,"menu_order":0,"comment_status":"closed","ping_status":"closed","template":"","meta":{"_et_pb_use_builder":"on","_et_pb_old_content":"<!-- wp:divi\/placeholder \/-->","_et_gb_content_width":"","footnotes":""},"class_list":["post-2471","page","type-page","status-publish","hentry"],"yoast_head":"<!-- This site is optimized with the Yoast SEO plugin v27.2 - https:\/\/yoast.com\/product\/yoast-seo-wordpress\/ -->\n<title>Planes Funerarios - Registro - Funeraria Rivera<\/title>\n<meta name=\"description\" content=\"Planes preventivos accesibles, transferibles y cobertura nacional. Protecci\u00f3n y tranquilidad a los tuyos. Inhumaci\u00f3n, cremaci\u00f3n y traslados.\" \/>\n<meta name=\"robots\" content=\"index, follow, max-snippet:-1, max-image-preview:large, max-video-preview:-1\" \/>\n<link rel=\"canonical\" href=\"https:\/\/funerariasrivera.mx\/en\/planes-funerarios-registro\/\" \/>\n<meta property=\"og:locale\" content=\"en_US\" \/>\n<meta property=\"og:type\" content=\"article\" \/>\n<meta property=\"og:title\" content=\"Planes Funerarios - Registro - Funeraria Rivera\" \/>\n<meta property=\"og:description\" content=\"Planes preventivos accesibles, transferibles y cobertura nacional. Protecci\u00f3n y tranquilidad a los tuyos. Inhumaci\u00f3n, cremaci\u00f3n y traslados.\" \/>\n<meta property=\"og:url\" content=\"https:\/\/funerariasrivera.mx\/en\/planes-funerarios-registro\/\" \/>\n<meta property=\"og:site_name\" content=\"Funeraria Rivera\" \/>\n<meta property=\"article:publisher\" content=\"https:\/\/www.facebook.com\/funerariasriveraoficial\" \/>\n<meta property=\"article:modified_time\" content=\"2025-11-08T21:06:32+00:00\" \/>\n<meta name=\"twitter:card\" content=\"summary_large_image\" \/>\n<meta name=\"twitter:label1\" content=\"Est. reading time\" \/>\n\t<meta name=\"twitter:data1\" content=\"4 minutes\" \/>\n<script type=\"application\/ld+json\" class=\"yoast-schema-graph\">{\"@context\":\"https:\/\/schema.org\",\"@graph\":[{\"@type\":\"WebPage\",\"@id\":\"https:\/\/funerariasrivera.mx\/planes-funerarios-registro\/\",\"url\":\"https:\/\/funerariasrivera.mx\/planes-funerarios-registro\/\",\"name\":\"Planes Funerarios - Registro - Funeraria Rivera\",\"isPartOf\":{\"@id\":\"https:\/\/funerariasrivera.mx\/#website\"},\"datePublished\":\"2025-11-04T21:39:22+00:00\",\"dateModified\":\"2025-11-08T21:06:32+00:00\",\"description\":\"Planes preventivos accesibles, transferibles y cobertura nacional. Protecci\u00f3n y tranquilidad a los tuyos. Inhumaci\u00f3n, cremaci\u00f3n y traslados.\",\"breadcrumb\":{\"@id\":\"https:\/\/funerariasrivera.mx\/planes-funerarios-registro\/#breadcrumb\"},\"inLanguage\":\"en-US\",\"potentialAction\":[{\"@type\":\"ReadAction\",\"target\":[\"https:\/\/funerariasrivera.mx\/planes-funerarios-registro\/\"]}]},{\"@type\":\"BreadcrumbList\",\"@id\":\"https:\/\/funerariasrivera.mx\/planes-funerarios-registro\/#breadcrumb\",\"itemListElement\":[{\"@type\":\"ListItem\",\"position\":1,\"name\":\"Home\",\"item\":\"https:\/\/funerariasrivera.mx\/\"},{\"@type\":\"ListItem\",\"position\":2,\"name\":\"Planes Funerarios &#8211; Registro\"}]},{\"@type\":\"WebSite\",\"@id\":\"https:\/\/funerariasrivera.mx\/#website\",\"url\":\"https:\/\/funerariasrivera.mx\/\",\"name\":\"Funeraria Rivera\",\"description\":\"Funerarias en Cabo San Lucas, San Jos\u00e9 y La Paz\",\"publisher\":{\"@id\":\"https:\/\/funerariasrivera.mx\/#organization\"},\"potentialAction\":[{\"@type\":\"SearchAction\",\"target\":{\"@type\":\"EntryPoint\",\"urlTemplate\":\"https:\/\/funerariasrivera.mx\/?s={search_term_string}\"},\"query-input\":{\"@type\":\"PropertyValueSpecification\",\"valueRequired\":true,\"valueName\":\"search_term_string\"}}],\"inLanguage\":\"en-US\"},{\"@type\":\"Organization\",\"@id\":\"https:\/\/funerariasrivera.mx\/#organization\",\"name\":\"Funeraria Rivera\",\"url\":\"https:\/\/funerariasrivera.mx\/\",\"logo\":{\"@type\":\"ImageObject\",\"inLanguage\":\"en-US\",\"@id\":\"https:\/\/funerariasrivera.mx\/#\/schema\/logo\/image\/\",\"url\":\"https:\/\/funerariasrivera.mx\/wp-content\/uploads\/2022\/06\/LogoFuneraria.png\",\"contentUrl\":\"https:\/\/funerariasrivera.mx\/wp-content\/uploads\/2022\/06\/LogoFuneraria.png\",\"width\":397,\"height\":65,\"caption\":\"Funeraria Rivera\"},\"image\":{\"@id\":\"https:\/\/funerariasrivera.mx\/#\/schema\/logo\/image\/\"},\"sameAs\":[\"https:\/\/www.facebook.com\/funerariasriveraoficial\"]}]}<\/script>\n<!-- \/ Yoast SEO plugin. -->","yoast_head_json":{"title":"Planes Funerarios - Registro - Funeraria Rivera","description":"Planes preventivos accesibles, transferibles y cobertura nacional. Protecci\u00f3n y tranquilidad a los tuyos. Inhumaci\u00f3n, cremaci\u00f3n y traslados.","robots":{"index":"index","follow":"follow","max-snippet":"max-snippet:-1","max-image-preview":"max-image-preview:large","max-video-preview":"max-video-preview:-1"},"canonical":"https:\/\/funerariasrivera.mx\/en\/planes-funerarios-registro\/","og_locale":"en_US","og_type":"article","og_title":"Planes Funerarios - Registro - Funeraria Rivera","og_description":"Planes preventivos accesibles, transferibles y cobertura nacional. Protecci\u00f3n y tranquilidad a los tuyos. Inhumaci\u00f3n, cremaci\u00f3n y traslados.","og_url":"https:\/\/funerariasrivera.mx\/en\/planes-funerarios-registro\/","og_site_name":"Funeraria Rivera","article_publisher":"https:\/\/www.facebook.com\/funerariasriveraoficial","article_modified_time":"2025-11-08T21:06:32+00:00","twitter_card":"summary_large_image","twitter_misc":{"Est. reading time":"4 minutes"},"schema":{"@context":"https:\/\/schema.org","@graph":[{"@type":"WebPage","@id":"https:\/\/funerariasrivera.mx\/planes-funerarios-registro\/","url":"https:\/\/funerariasrivera.mx\/planes-funerarios-registro\/","name":"Planes Funerarios - Registro - Funeraria Rivera","isPartOf":{"@id":"https:\/\/funerariasrivera.mx\/#website"},"datePublished":"2025-11-04T21:39:22+00:00","dateModified":"2025-11-08T21:06:32+00:00","description":"Planes preventivos accesibles, transferibles y cobertura nacional. Protecci\u00f3n y tranquilidad a los tuyos. Inhumaci\u00f3n, cremaci\u00f3n y traslados.","breadcrumb":{"@id":"https:\/\/funerariasrivera.mx\/planes-funerarios-registro\/#breadcrumb"},"inLanguage":"en-US","potentialAction":[{"@type":"ReadAction","target":["https:\/\/funerariasrivera.mx\/planes-funerarios-registro\/"]}]},{"@type":"BreadcrumbList","@id":"https:\/\/funerariasrivera.mx\/planes-funerarios-registro\/#breadcrumb","itemListElement":[{"@type":"ListItem","position":1,"name":"Home","item":"https:\/\/funerariasrivera.mx\/"},{"@type":"ListItem","position":2,"name":"Planes Funerarios &#8211; Registro"}]},{"@type":"WebSite","@id":"https:\/\/funerariasrivera.mx\/#website","url":"https:\/\/funerariasrivera.mx\/","name":"Funeraria Rivera","description":"Funerarias en Cabo San Lucas, San Jos\u00e9 y La Paz","publisher":{"@id":"https:\/\/funerariasrivera.mx\/#organization"},"potentialAction":[{"@type":"SearchAction","target":{"@type":"EntryPoint","urlTemplate":"https:\/\/funerariasrivera.mx\/?s={search_term_string}"},"query-input":{"@type":"PropertyValueSpecification","valueRequired":true,"valueName":"search_term_string"}}],"inLanguage":"en-US"},{"@type":"Organization","@id":"https:\/\/funerariasrivera.mx\/#organization","name":"Funeraria Rivera","url":"https:\/\/funerariasrivera.mx\/","logo":{"@type":"ImageObject","inLanguage":"en-US","@id":"https:\/\/funerariasrivera.mx\/#\/schema\/logo\/image\/","url":"https:\/\/funerariasrivera.mx\/wp-content\/uploads\/2022\/06\/LogoFuneraria.png","contentUrl":"https:\/\/funerariasrivera.mx\/wp-content\/uploads\/2022\/06\/LogoFuneraria.png","width":397,"height":65,"caption":"Funeraria Rivera"},"image":{"@id":"https:\/\/funerariasrivera.mx\/#\/schema\/logo\/image\/"},"sameAs":["https:\/\/www.facebook.com\/funerariasriveraoficial"]}]}},"_links":{"self":[{"href":"https:\/\/funerariasrivera.mx\/en\/wp-json\/wp\/v2\/pages\/2471","targetHints":{"allow":["GET"]}}],"collection":[{"href":"https:\/\/funerariasrivera.mx\/en\/wp-json\/wp\/v2\/pages"}],"about":[{"href":"https:\/\/funerariasrivera.mx\/en\/wp-json\/wp\/v2\/types\/page"}],"author":[{"embeddable":true,"href":"https:\/\/funerariasrivera.mx\/en\/wp-json\/wp\/v2\/users\/4"}],"replies":[{"embeddable":true,"href":"https:\/\/funerariasrivera.mx\/en\/wp-json\/wp\/v2\/comments?post=2471"}],"version-history":[{"count":14,"href":"https:\/\/funerariasrivera.mx\/en\/wp-json\/wp\/v2\/pages\/2471\/revisions"}],"predecessor-version":[{"id":2490,"href":"https:\/\/funerariasrivera.mx\/en\/wp-json\/wp\/v2\/pages\/2471\/revisions\/2490"}],"wp:attachment":[{"href":"https:\/\/funerariasrivera.mx\/en\/wp-json\/wp\/v2\/media?parent=2471"}],"curies":[{"name":"wp","href":"https:\/\/api.w.org\/{rel}","templated":true}]}}